{"id":117,"date":"2014-02-11T22:22:31","date_gmt":"2014-02-11T21:22:31","guid":{"rendered":"http:\/\/camperreismagazine.nl\/vlm\/?page_id=117"},"modified":"2019-10-23T22:08:05","modified_gmt":"2019-10-23T21:08:05","slug":"camperplaats","status":"publish","type":"page","link":"https:\/\/www.camperreismagazine.nl\/vlm\/camperplaats\/","title":{"rendered":"camperplaats"},"content":{"rendered":"<p>BELGI\u00cb<br \/>\n<a href=\"https:\/\/camperreismagazine.nl\/vlm\/CP\/aalst.jpg\">Camperplaats Aalst<\/a><br \/>\n<a href=\"https:\/\/camperreismagazine.nl\/vlm\/CP\/brasschaat.jpg\">Camperplaats Brasschaat<\/a><br \/>\n<a href=\"https:\/\/camperreismagazine.nl\/vlm\/CP\/hamoir.jpg\">Camperplaats Hamoir<\/a><br \/>\n<a href=\"https:\/\/camperreismagazine.nl\/vlm\/CP\/han-sur-lesse.jpg\">Camperplaats Han-sur-Lesse <\/a><br \/>\n<a href=\"https:\/\/camperreismagazine.nl\/vlm\/CP\/wervik.jpg\">Camperplaats Wervik<\/a><\/p>\n<p>DENEMARKEN<br \/>\n<a href=\"https:\/\/camperreismagazine.nl\/vlm\/CP\/jels.jpg\">Camperplaats Jels<\/a><\/p>\n<p>DUITSLAND<br \/>\n<a href=\"https:\/\/camperreismagazine.nl\/vlm\/CP\/arolsen.jpg\">Camperplaats Bad Arolsen<\/a><br \/>\n<a href=\"https:\/\/camperreismagazine.nl\/vlm\/CP\/bad-arolsen1.jpg\">Camperplaats Bad Arolsen<\/a><br \/>\n<a href=\"https:\/\/camperreismagazine.nl\/vlm\/CP\/bad-oldesloe.jpg\">Camperplaats Bad Oldesloe<\/a><br \/>\n<a href=\"https:\/\/camperreismagazine.nl\/vlm\/CP\/blaubeuren.jpg\">Camperplaats Blaubeuren <\/a><br \/>\n<a href=\"https:\/\/camperreismagazine.nl\/vlm\/CP\/bremervorde.jpg\">Camperplaats Bremervorde <\/a><br \/>\n<a href=\"https:\/\/camperreismagazine.nl\/vlm\/CP\/budingen.jpg\">Camperplaats B\u00fcdingen <\/a><br \/>\n<a href=\"https:\/\/camperreismagazine.nl\/vlm\/CP\/damme.jpg\">Camperplaats Damme<\/a><br \/>\n<a href=\"https:\/\/camperreismagazine.nl\/vlm\/CP\/donauworth.jpg\">Camperplaats Donauworth <\/a><br \/>\n<a href=\"https:\/\/camperreismagazine.nl\/vlm\/CP\/dorsten.jpg\">Camperplaats Dorsten <\/a><br \/>\n<a href=\"https:\/\/camperreismagazine.nl\/vlm\/CP\/gottingen.jpg\">Camperplaats G\u00f6ttingen <\/a><br \/>\n<a href=\"https:\/\/camperreismagazine.nl\/vlm\/CP\/gronau.jpg\">Camperplaats Gronau<\/a><br \/>\n<a href=\"https:\/\/camperreismagazine.nl\/vlm\/CP\/gau-algesheim.jpg\">Camperplaats Gau-Algesheim<\/a><br \/>\n<a href=\"https:\/\/camperreismagazine.nl\/vlm\/CP\/gundersheim.jpg\">Camperplaats G\u00fcndersheim <\/a><br \/>\n<a href=\"https:\/\/camperreismagazine.nl\/vlm\/CP\/hellenthal.jpg\">Camperplaats Hellenthal <\/a><br \/>\n<a href=\"https:\/\/camperreismagazine.nl\/vlm\/CP\/hoxter.jpg\">Camperplaats Hoxter<\/a><br \/>\n<a href=\"https:\/\/camperreismagazine.nl\/vlm\/CP\/kitzingen.jpg\">Camperplaats Kitzingen<\/a><br \/>\n<a href=\"https:\/\/camperreismagazine.nl\/vlm\/CP\/lohne.jpg\">Camperplaats L\u00f6hne<\/a><br \/>\n<a href=\"https:\/\/camperreismagazine.nl\/vlm\/CP\/mayschoss.jpg\">Camperplaats Mayschoss<\/a><br \/>\n<a href=\"https:\/\/camperreismagazine.nl\/vlm\/CP\/nettersheim.jpg\">Camperplaats Nettersheim <\/a><br \/>\n<a href=\"https:\/\/camperreismagazine.nl\/vlm\/CP\/papenburg.jpg\">Camperplaats Papenburg<\/a><br \/>\n<a href=\"https:\/\/camperreismagazine.nl\/vlm\/CP\/pronsfeld.jpg\">Camperplaats Pronsfeld<\/a><br \/>\n<a href=\"https:\/\/camperreismagazine.nl\/vlm\/CP\/rinteln.jpg\">Camperplaats Rinteln<\/a><br \/>\n<a href=\"https:\/\/camperreismagazine.nl\/vlm\/CP\/rothenburg-fulda.jpg\">Camperplaats Rothenburg a\/d Fulda<\/a><br \/>\n<a href=\"https:\/\/camperreismagazine.nl\/vlm\/CP\/schabisch-hall.jpg\">Camperplaats Schw\u00e4bisch Hall<\/a><br \/>\n<a href=\"https:\/\/camperreismagazine.nl\/vlm\/CP\/sleeswijk.jpg\">Camperplaats Sleeswijk<\/a><br \/>\n<a href=\"https:\/\/camperreismagazine.nl\/vlm\/CP\/soest.jpg\">Camperplaats Soest <\/a><br \/>\n<a href=\"https:\/\/camperreismagazine.nl\/vlm\/CP\/stade.jpg\">Camperplaats Stade<\/a><br \/>\n<a href=\"https:\/\/camperreismagazine.nl\/vlm\/CP\/stadt-ohringen.jpg\">Camperplaats Stadt \u00d6hringen<\/a><br \/>\n<a href=\"https:\/\/camperreismagazine.nl\/vlm\/CP\/titisee.jpg\">Camperplaats Titisee<\/a><br \/>\n<a href=\"https:\/\/camperreismagazine.nl\/vlm\/CP\/ubersee.jpg\">Camperplaats \u00dcbersee<\/a><br \/>\n<a href=\"https:\/\/camperreismagazine.nl\/vlm\/CP\/waldfeucht.jpg\">Camperplaats Waldfeucht <\/a><br \/>\n<a href=\"https:\/\/camperreismagazine.nl\/vlm\/CP\/weimar.jpg\">Camperplaats Weimar<\/a><br \/>\n<a href=\"https:\/\/camperreismagazine.nl\/vlm\/CP\/willingen.jpg\">Camperplaats Willingen <\/a><br \/>\n<a href=\"https:\/\/camperreismagazine.nl\/vlm\/CP\/xanten.jpg\">Camperplaats Xanten <\/a><\/p>\n<p>FRANKRIJK<br \/>\n<a href=\"https:\/\/camperreismagazine.nl\/vlm\/CP\/arras.jpg\">Camperplaats Arras<\/a><br \/>\n<a href=\"https:\/\/camperreismagazine.nl\/vlm\/CP\/ault-criel.jpg\">Camperplaats Ault-Criel<br \/>\n<\/a><br \/>\n<a href=\"https:\/\/camperreismagazine.nl\/vlm\/CP\/beaugency.jpg\">Camperplaats Beaugency<\/a><br \/>\n<a href=\"https:\/\/camperreismagazine.nl\/vlm\/CP\/beaune.jpg\">Camperplaats Beaune<\/a><br \/>\n<a href=\"https:\/\/camperreismagazine.nl\/vlm\/CP\/blois.jpg\">Camperplaats Blois<\/a><br \/>\n<a href=\"https:\/\/camperreismagazine.nl\/vlm\/CP\/boussac.jpg\">Camperplaats Boussac<\/a><br \/>\n<a href=\"https:\/\/camperreismagazine.nl\/vlm\/CP\/brantone.jpg\">Camperplaats Brantone<\/a><br \/>\n<a href=\"https:\/\/camperreismagazine.nl\/vlm\/CP\/clermont.jpg\">Camperplaats Clermont-en-Argonne<\/a><br \/>\n<a href=\"https:\/\/camperreismagazine.nl\/vlm\/CP\/collognes.jpg\">Camperplaats Collognes <\/a><br \/>\n<a href=\"https:\/\/camperreismagazine.nl\/vlm\/CP\/joinville.jpg\">Camperplaats Joinville<\/a><br \/>\n<a href=\"https:\/\/camperreismagazine.nl\/vlm\/CP\/kaysersberg.jpg\">Camperplaats Kaysersberg <\/a><br \/>\n<a href=\"https:\/\/camperreismagazine.nl\/vlm\/CP\/mouzon.jpg\">Camperplaats Mouzon<\/a><br \/>\n<a href=\"https:\/\/camperreismagazine.nl\/vlm\/CP\/parnay.jpg\">Camperplaats Parnay<\/a><br \/>\n<a href=\"https:\/\/camperreismagazine.nl\/vlm\/CP\/pont-a-mousson.jpg\">Camperplaats Pont-a-Mousson<\/a><br \/>\n<a href=\"https:\/\/camperreismagazine.nl\/vlm\/CP\/saumur.jpg\">Camperplaats Saumur<\/a><br \/>\n<a href=\"https:\/\/camperreismagazine.nl\/vlm\/CP\/st-leon.jpg\">Camperplaats St. Leon-sur-V\u00e9z\u00e8re<\/a><br \/>\n<a href=\"https:\/\/camperreismagazine.nl\/vlm\/CP\/saint-pourcain.jpg\">Camperplaats Saint Pour\u00e7ain<\/a><br \/>\n<a href=\"https:\/\/camperreismagazine.nl\/vlm\/CP\/thann.jpg\">Camperplaats Thann<\/a><br \/>\n<a href=\"https:\/\/camperreismagazine.nl\/vlm\/CP\/treignac.jpg\">Camperplaats Treignac<\/a><br \/>\n<a href=\"https:\/\/camperreismagazine.nl\/vlm\/CP\/treport.jpg\">Camperplaats Tr\u00e9port<\/a><\/p>\n<p>ITALI\u00cb<br \/>\n<a href=\"https:\/\/camperreismagazine.nl\/vlm\/CP\/arte-terme.jpg\">Camperplaats Arte Terme<\/a><br \/>\nLUXEMBURG<br \/>\n<a href=\"https:\/\/camperreismagazine.nl\/vlm\/CP\/diekirch.jpg\">Camperplaats Diekirch<\/a><br \/>\n<a href=\"https:\/\/camperreismagazine.nl\/vlm\/CP\/heiderscheidt.jpg\">Camperplaats Heiderscheidt<\/a><\/p>\n<p>NEDERLAND<br \/>\n<a href=\"https:\/\/camperreismagazine.nl\/vlm\/CP\/aalten.jpg\">Camperplaats Aalten<\/a><br \/>\n<a href=\"https:\/\/camperreismagazine.nl\/vlm\/CP\/abbenes.jpg\">Camperplaats Abbenes<\/a><br \/>\n<a href=\"https:\/\/camperreismagazine.nl\/vlm\/CP\/asten.jpg\">Camperplaats Asten<\/a><br \/>\n<a href=\"https:\/\/camperreismagazine.nl\/vlm\/CP\/deventer.jpg\">Camperplaats Deventer<\/a><br \/>\n<a href=\"https:\/\/camperreismagazine.nl\/vlm\/CP\/doezum.jpg\">Camperplaats Doezum<\/a><br \/>\n<a href=\"https:\/\/camperreismagazine.nl\/vlm\/CP\/drenthe.jpg\">Camperplaats Drenthe<\/a><br \/>\n<a href=\"https:\/\/camperreismagazine.nl\/vlm\/CP\/dwingeloo.jpg\">Camperplaats Dwingeloo <\/a><br \/>\n<a href=\"https:\/\/camperreismagazine.nl\/vlm\/CP\/elburg.jpg\">Camperplaats Elburg<\/a><br \/>\n<a href=\"https:\/\/camperreismagazine.nl\/vlm\/CP\/groningen.jpg\">Camperplaats Groningen <\/a><br \/>\n<a href=\"https:\/\/camperreismagazine.nl\/vlm\/CP\/kamperland.jpg\">Camperplaats Kamperland <\/a><br \/>\n<a href=\"https:\/\/camperreismagazine.nl\/vlm\/CP\/leeuwarden.jpg\">Camperplaats Leeuwarden-1<\/a><br \/>\n<a href=\"https:\/\/camperreismagazine.nl\/vlm\/CP\/leeuwarden1.jpg\">Camperplaats Leeuwarden-2<\/a><br \/>\n<a href=\"https:\/\/camperreismagazine.nl\/vlm\/CP\/maastricht.jpg\">Camperplaats Maastricht<\/a><br \/>\n<a href=\"https:\/\/camperreismagazine.nl\/vlm\/CP\/oss.jpg\">Camperplaats Oss<\/a><br \/>\n<a href=\"https:\/\/camperreismagazine.nl\/vlm\/CP\/ter-apel.jpg\">Camperplaats Ter Apel<\/a><br \/>\n<a href=\"https:\/\/camperreismagazine.nl\/vlm\/CP\/urkerbos.jpg\">Camperplaats Urkerbos<\/a><br \/>\n<a href=\"https:\/\/camperreismagazine.nl\/vlm\/CP\/welsum.jpg\">Camperplaats Welsum<\/a><br \/>\n<a href=\"https:\/\/camperreismagazine.nl\/vlm\/CP\/zutphen.jpg\">Camperplaats Zutphen<\/a><\/p>\n<p>OOSTENRIJK<br \/>\n<a href=\"https:\/\/camperreismagazine.nl\/vlm\/CP\/golling.jpg\">Camperplaats Golling<\/a><br \/>\n<a href=\"https:\/\/camperreismagazine.nl\/vlm\/CP\/kotschach.jpg\">Camperplaats K\u00f6tschach<\/a><\/p>\n<p>PORTUGAL<br \/>\n<a href=\"https:\/\/camperreismagazine.nl\/vlm\/CP\/monchique.jpg\">Camperplaats Monchique<\/a><\/p>\n","protected":false},"excerpt":{"rendered":"<p>BELGI\u00cb Camperplaats Aalst Camperplaats Brasschaat Camperplaats Hamoir Camperplaats Han-sur-Lesse Camperplaats Wervik DENEMARKEN Camperplaats Jels DUITSLAND Camperplaats Bad Arolsen Camperplaats Bad Arolsen Camperplaats Bad Oldesloe Camperplaats Blaubeuren Camperplaats Bremervorde Camperplaats B\u00fcdingen Camperplaats Damme Camperplaats Donauworth Camperplaats Dorsten Camperplaats G\u00f6ttingen Camperplaats Gronau Camperplaats Gau-Algesheim Camperplaats G\u00fcndersheim Camperplaats Hellenthal Camperplaats Hoxter Camperplaats Kitzingen Camperplaats L\u00f6hne Camperplaats Mayschoss Camperplaats &hellip; <a href=\"https:\/\/www.camperreismagazine.nl\/vlm\/camperplaats\/\" class=\"more-link\">Lees verder <span class=\"screen-reader-text\">camperplaats<\/span> <span class=\"meta-nav\">&rarr;<\/span><\/a><\/p>\n","protected":false},"author":1,"featured_media":0,"parent":0,"menu_order":0,"comment_status":"closed","ping_status":"closed","template":"page-templates\/full-width.php","meta":[],"yoast_head":"<!-- This site is optimized with the Yoast SEO plugin v17.7.1 - https:\/\/yoast.com\/wordpress\/plugins\/seo\/ -->\n<meta name=\"robots\" content=\"index, follow, max-snippet:-1, max-image-preview:large, max-video-preview:-1\" \/>\n<link rel=\"canonical\" href=\"https:\/\/www.camperreismagazine.nl\/vlm\/camperplaats\/\" \/>\n<meta property=\"og:locale\" content=\"nl_NL\" \/>\n<meta property=\"og:type\" content=\"article\" \/>\n<meta property=\"og:title\" content=\"camperplaats - Magazine boordevol reisplezier\" \/>\n<meta property=\"og:description\" content=\"BELGI\u00cb Camperplaats Aalst Camperplaats Brasschaat Camperplaats Hamoir Camperplaats Han-sur-Lesse Camperplaats Wervik DENEMARKEN Camperplaats Jels DUITSLAND Camperplaats Bad Arolsen Camperplaats Bad Arolsen Camperplaats Bad Oldesloe Camperplaats Blaubeuren Camperplaats Bremervorde Camperplaats B\u00fcdingen Camperplaats Damme Camperplaats Donauworth Camperplaats Dorsten Camperplaats G\u00f6ttingen Camperplaats Gronau Camperplaats Gau-Algesheim Camperplaats G\u00fcndersheim Camperplaats Hellenthal Camperplaats Hoxter Camperplaats Kitzingen Camperplaats L\u00f6hne Camperplaats Mayschoss Camperplaats &hellip; Lees verder camperplaats &rarr;\" \/>\n<meta property=\"og:url\" content=\"https:\/\/www.camperreismagazine.nl\/vlm\/camperplaats\/\" \/>\n<meta property=\"og:site_name\" content=\"Magazine boordevol reisplezier\" \/>\n<meta property=\"article:modified_time\" content=\"2019-10-23T21:08:05+00:00\" \/>\n<meta name=\"twitter:label1\" content=\"Geschatte leestijd\" \/>\n\t<meta name=\"twitter:data1\" content=\"1 minuut\" \/>\n<script type=\"application\/ld+json\" class=\"yoast-schema-graph\">{\"@context\":\"https:\/\/schema.org\",\"@graph\":[{\"@type\":\"WebSite\",\"@id\":\"https:\/\/www.camperreismagazine.nl\/vlm\/#website\",\"url\":\"https:\/\/www.camperreismagazine.nl\/vlm\/\",\"name\":\"Magazine boordevol reisplezier\",\"description\":\"\",\"potentialAction\":[{\"@type\":\"SearchAction\",\"target\":{\"@type\":\"EntryPoint\",\"urlTemplate\":\"https:\/\/www.camperreismagazine.nl\/vlm\/?s={search_term_string}\"},\"query-input\":\"required name=search_term_string\"}],\"inLanguage\":\"nl\"},{\"@type\":\"WebPage\",\"@id\":\"https:\/\/www.camperreismagazine.nl\/vlm\/camperplaats\/#webpage\",\"url\":\"https:\/\/www.camperreismagazine.nl\/vlm\/camperplaats\/\",\"name\":\"camperplaats - Magazine boordevol reisplezier\",\"isPartOf\":{\"@id\":\"https:\/\/www.camperreismagazine.nl\/vlm\/#website\"},\"datePublished\":\"2014-02-11T21:22:31+00:00\",\"dateModified\":\"2019-10-23T21:08:05+00:00\",\"breadcrumb\":{\"@id\":\"https:\/\/www.camperreismagazine.nl\/vlm\/camperplaats\/#breadcrumb\"},\"inLanguage\":\"nl\",\"potentialAction\":[{\"@type\":\"ReadAction\",\"target\":[\"https:\/\/www.camperreismagazine.nl\/vlm\/camperplaats\/\"]}]},{\"@type\":\"BreadcrumbList\",\"@id\":\"https:\/\/www.camperreismagazine.nl\/vlm\/camperplaats\/#breadcrumb\",\"itemListElement\":[{\"@type\":\"ListItem\",\"position\":1,\"name\":\"Home\",\"item\":\"https:\/\/www.camperreismagazine.nl\/vlm\/\"},{\"@type\":\"ListItem\",\"position\":2,\"name\":\"camperplaats\"}]}]}<\/script>\n<!-- \/ Yoast SEO plugin. -->","yoast_head_json":{"robots":{"index":"index","follow":"follow","max-snippet":"max-snippet:-1","max-image-preview":"max-image-preview:large","max-video-preview":"max-video-preview:-1"},"canonical":"https:\/\/www.camperreismagazine.nl\/vlm\/camperplaats\/","og_locale":"nl_NL","og_type":"article","og_title":"camperplaats - Magazine boordevol reisplezier","og_description":"BELGI\u00cb Camperplaats Aalst Camperplaats Brasschaat Camperplaats Hamoir Camperplaats Han-sur-Lesse Camperplaats Wervik DENEMARKEN Camperplaats Jels DUITSLAND Camperplaats Bad Arolsen Camperplaats Bad Arolsen Camperplaats Bad Oldesloe Camperplaats Blaubeuren Camperplaats Bremervorde Camperplaats B\u00fcdingen Camperplaats Damme Camperplaats Donauworth Camperplaats Dorsten Camperplaats G\u00f6ttingen Camperplaats Gronau Camperplaats Gau-Algesheim Camperplaats G\u00fcndersheim Camperplaats Hellenthal Camperplaats Hoxter Camperplaats Kitzingen Camperplaats L\u00f6hne Camperplaats Mayschoss Camperplaats &hellip; Lees verder camperplaats &rarr;","og_url":"https:\/\/www.camperreismagazine.nl\/vlm\/camperplaats\/","og_site_name":"Magazine boordevol reisplezier","article_modified_time":"2019-10-23T21:08:05+00:00","twitter_misc":{"Geschatte leestijd":"1 minuut"},"schema":{"@context":"https:\/\/schema.org","@graph":[{"@type":"WebSite","@id":"https:\/\/www.camperreismagazine.nl\/vlm\/#website","url":"https:\/\/www.camperreismagazine.nl\/vlm\/","name":"Magazine boordevol reisplezier","description":"","potentialAction":[{"@type":"SearchAction","target":{"@type":"EntryPoint","urlTemplate":"https:\/\/www.camperreismagazine.nl\/vlm\/?s={search_term_string}"},"query-input":"required name=search_term_string"}],"inLanguage":"nl"},{"@type":"WebPage","@id":"https:\/\/www.camperreismagazine.nl\/vlm\/camperplaats\/#webpage","url":"https:\/\/www.camperreismagazine.nl\/vlm\/camperplaats\/","name":"camperplaats - Magazine boordevol reisplezier","isPartOf":{"@id":"https:\/\/www.camperreismagazine.nl\/vlm\/#website"},"datePublished":"2014-02-11T21:22:31+00:00","dateModified":"2019-10-23T21:08:05+00:00","breadcrumb":{"@id":"https:\/\/www.camperreismagazine.nl\/vlm\/camperplaats\/#breadcrumb"},"inLanguage":"nl","potentialAction":[{"@type":"ReadAction","target":["https:\/\/www.camperreismagazine.nl\/vlm\/camperplaats\/"]}]},{"@type":"BreadcrumbList","@id":"https:\/\/www.camperreismagazine.nl\/vlm\/camperplaats\/#breadcrumb","itemListElement":[{"@type":"ListItem","position":1,"name":"Home","item":"https:\/\/www.camperreismagazine.nl\/vlm\/"},{"@type":"ListItem","position":2,"name":"camperplaats"}]}]}},"_links":{"self":[{"href":"https:\/\/www.camperreismagazine.nl\/vlm\/wp-json\/wp\/v2\/pages\/117"}],"collection":[{"href":"https:\/\/www.camperreismagazine.nl\/vlm\/wp-json\/wp\/v2\/pages"}],"about":[{"href":"https:\/\/www.camperreismagazine.nl\/vlm\/wp-json\/wp\/v2\/types\/page"}],"author":[{"embeddable":true,"href":"https:\/\/www.camperreismagazine.nl\/vlm\/wp-json\/wp\/v2\/users\/1"}],"replies":[{"embeddable":true,"href":"https:\/\/www.camperreismagazine.nl\/vlm\/wp-json\/wp\/v2\/comments?post=117"}],"version-history":[{"count":51,"href":"https:\/\/www.camperreismagazine.nl\/vlm\/wp-json\/wp\/v2\/pages\/117\/revisions"}],"predecessor-version":[{"id":897,"href":"https:\/\/www.camperreismagazine.nl\/vlm\/wp-json\/wp\/v2\/pages\/117\/revisions\/897"}],"wp:attachment":[{"href":"https:\/\/www.camperreismagazine.nl\/vlm\/wp-json\/wp\/v2\/media?parent=117"}],"curies":[{"name":"wp","href":"https:\/\/api.w.org\/{rel}","templated":true}]}}